{"id":24,"date":"2024-01-10T16:22:57","date_gmt":"2024-01-10T16:22:57","guid":{"rendered":"https:\/\/smem.org.mx\/wp\/?page_id=24"},"modified":"2026-04-07T17:20:45","modified_gmt":"2026-04-07T17:20:45","slug":"contacto","status":"publish","type":"page","link":"https:\/\/smem.org.mx\/wp\/contacto\/","title":{"rendered":"Contacto"},"content":{"rendered":"\n<div class=\"wp-block-columns container is-layout-flex wp-container-core-columns-is-layout-2 wp-block-columns-is-layout-flex\">\n<div class=\"wp-block-column is-vertically-aligned-center is-layout-flow wp-block-column-is-layout-flow\">\n<h2 class=\"wp-block-heading hestia-title\">Env\u00edanos un mensaje<\/h2>\n\n\n\n<div style=\"height:40px\" aria-hidden=\"true\" class=\"wp-block-spacer\"><\/div>\n\n\n\n<div class=\"contact-wrapper\">\n\t\t\t\t\t\t\t\t\t\t\t\t\t\t\t\t\t\t\t<div class=\"content\">\n\t\t\t\n\t\t\t  <form>\n\t\t\t   <div class=\"form-group\">\n\t\t\t    <input type=\"text\" id=\"fname\" name=\"firstname\" placeholder=\"Nombre..\">\n\t\t\t<\/div>\n\t\t\t<div class=\"form-group\">\n\t\t\t    <input type=\"text\" id=\"lname\" name=\"lastname\" placeholder=\"Apellidos..\">\n\t\t\t<\/div>\n\t\t\t<div class=\"form-group\">\n\t\t\t    <textarea id=\"subject\" name=\"subject\" placeholder=\"Tus comentarios..\" style=\"height:200px\"><\/textarea>\n\t\t\t<\/div>\n\t\t\t    <input type=\"submit\" value=\"Enviar\">\n\t\t\t\n\t\t\t  <\/form>\n\t\t\t<\/div>\n\t\t\t<\/div>\n<\/div>\n\n\n\n<div class=\"wp-block-column is-vertically-aligned-center is-layout-flow wp-block-column-is-layout-flow\">\n<div class=\"wp-block-columns is-layout-flex wp-container-core-columns-is-layout-1 wp-block-columns-is-layout-flex\">\n<div class=\"wp-block-column is-layout-flow wp-block-column-is-layout-flow\"><\/div>\n\n\n\n<div class=\"wp-block-column is-layout-flow wp-block-column-is-layout-flow\" style=\"flex-basis:50%\">\n<p class=\"has-text-align-left has-text-color\" style=\"color:#999999;font-size:14px\">jtorres@smem.org.mx<br><br>+52 55 7945 6940<\/p>\n\n\n\n<p class=\"has-body-color-color has-text-color has-link-color has-small-font-size wp-elements-a4098ff4b5cfa1ffcfa53316c1954f64\">Av. Insurgentes Sur 1647 <br>Piso 1 <br>Col. San Jos\u00e9 de Insurgentes <br>Alc. Benito Ju\u00e1rez<br>C.P, 03900<\/p>\n\n\n\n<div style=\"height:40px\" aria-hidden=\"true\" class=\"wp-block-spacer\"><\/div>\n<\/div>\n\n\n\n<div class=\"wp-block-column is-layout-flow wp-block-column-is-layout-flow\"><\/div>\n<\/div>\n<\/div>\n<\/div>\n\n\n\n<p><\/p>\n","protected":false},"excerpt":{"rendered":"<p>Env\u00edanos un mensaje jtorres@smem.org.mx +52 55 7945 6940 Av. Insurgentes Sur 1647 Piso 1 Col. San Jos\u00e9 de Insurgentes Alc. Benito Ju\u00e1rezC.P, 03900<\/p>\n","protected":false},"author":1,"featured_media":16,"parent":0,"menu_order":0,"comment_status":"closed","ping_status":"closed","template":"page-templates\/template-pagebuilder-full-width.php","meta":{"footnotes":""},"class_list":["post-24","page","type-page","status-publish","has-post-thumbnail","hentry"],"_links":{"self":[{"href":"https:\/\/smem.org.mx\/wp\/wp-json\/wp\/v2\/pages\/24","targetHints":{"allow":["GET"]}}],"collection":[{"href":"https:\/\/smem.org.mx\/wp\/wp-json\/wp\/v2\/pages"}],"about":[{"href":"https:\/\/smem.org.mx\/wp\/wp-json\/wp\/v2\/types\/page"}],"author":[{"embeddable":true,"href":"https:\/\/smem.org.mx\/wp\/wp-json\/wp\/v2\/users\/1"}],"replies":[{"embeddable":true,"href":"https:\/\/smem.org.mx\/wp\/wp-json\/wp\/v2\/comments?post=24"}],"version-history":[{"count":13,"href":"https:\/\/smem.org.mx\/wp\/wp-json\/wp\/v2\/pages\/24\/revisions"}],"predecessor-version":[{"id":2504,"href":"https:\/\/smem.org.mx\/wp\/wp-json\/wp\/v2\/pages\/24\/revisions\/2504"}],"wp:featuredmedia":[{"embeddable":true,"href":"https:\/\/smem.org.mx\/wp\/wp-json\/wp\/v2\/media\/16"}],"wp:attachment":[{"href":"https:\/\/smem.org.mx\/wp\/wp-json\/wp\/v2\/media?parent=24"}],"curies":[{"name":"wp","href":"https:\/\/api.w.org\/{rel}","templated":true}]}}